{"id":639,"date":"2021-03-10T22:06:27","date_gmt":"2021-03-10T22:06:27","guid":{"rendered":"https:\/\/bslthemes.com\/mireya\/?page_id=7"},"modified":"2024-08-21T22:59:31","modified_gmt":"2024-08-21T19:59:31","slug":"home","status":"publish","type":"page","link":"https:\/\/dodogame.co\/tr\/","title":{"rendered":"Ana Sayfa"},"content":{"rendered":"<div data-elementor-type=\"wp-page\" data-elementor-id=\"639\" class=\"elementor elementor-639\">\n\t\t\t\t\t\t\t\t\t<section class=\"elementor-section elementor-top-section elementor-element elementor-element-ee1fa3e elementor-section-full_width elementor-section-height-default elementor-section-height-default\" data-id=\"ee1fa3e\" data-element_type=\"section\">\n\t\t\t\t\t\t<div class=\"elementor-container elementor-column-gap-no\">\n\t\t\t\t\t<div class=\"elementor-column elementor-col-100 elementor-top-column elementor-element elementor-element-0ee524a\" data-id=\"0ee524a\" data-element_type=\"column\">\n\t\t\t<div class=\"elementor-widget-wrap elementor-element-populated\">\n\t\t\t\t\t\t\t\t<div class=\"elementor-element elementor-element-fac9d6c elementor-widget elementor-widget-mireya-hero-slider\" data-id=\"fac9d6c\" data-element_type=\"widget\" data-widget_type=\"mireya-hero-slider.default\">\n\t\t\t\t<div class=\"elementor-widget-container\">\n\t\t\t\n\t\t<div class=\"mry-body\">\n\n\t\t\t\t\t\t<canvas class=\"mry-dots\"><\/canvas>\n\t\t\t\n\t\t\t\t\t\t<div class=\"swiper-container mry-main-slider\" data-mousewheel=\"0\">\n\t\t\t\t<div class=\"swiper-wrapper\">\n\n\t\t\t\t\t\t\t\t\t\t<div class=\"swiper-slide\">\n\n\t\t\t\t\t\t<!-- project -->\n\t\t\t\t\t\t<div class=\"mry-project-slider-item\">\n\t\t\t\t\t\t\t<div class=\"mry-project-frame mry-project-half\">\n\t\t\t\t\t\t\t\t\t\t\t\t\t\t\t\t<div class=\"mry-cover-frame\">\n\t\t\t\t\t\t\t\t\t<img decoding=\"async\" class=\"mry-project-cover mry-position-right\" src=\"https:\/\/dodogame.co\/wp-content\/uploads\/2023\/01\/DoDo-Game-About-Us.png\" alt=\"\" data-swiper-parallax=\"500\"\n\t\t\t\t\t\t\t\t\t\tdata-swiper-parallax-scale=\"1.4\">\n\t\t\t\t\t\t\t\t\t<div class=\"mry-cover-overlay\"><\/div>\n\t\t\t\t\t\t\t\t\t<div class=\"mry-loading-curtain\"><\/div>\n\t\t\t\t\t\t\t\t<\/div>\n\t\t\t\t\t\t\t\t\t\t\t\t\t\t\t\t<div class=\"mry-main-title-frame\">\n\t\t\t\t\t\t\t\t\t<div class=\"container\">\n\t\t\t\t\t\t\t\t\t\t<div class=\"mry-main-title\" data-swiper-parallax-x=\"30%\" data-swiper-parallax-scale=\".7\" data-swiper-parallax-opacity=\"0\"\n\t\t\t\t\t\t\t\t\t\t\tdata-swiper-parallax-duration=\"1000\">\n\t\t\t\t\t\t\t\t\t\t\t\t\t\t\t\t\t\t\t\t\t\t<div class=\"mry-subtitle mry-mb-20\">\n\t\t\t\t\t\t\t\t\t\t\t\t<span >\n\t\t\t\t\t\t\t\t\t\t\t\t\tDoDo Game\t\t\t\t\t\t\t\t\t\t\t\t<\/span>\n\t\t\t\t\t\t\t\t\t\t\t<\/div>\n\t\t\t\t\t\t\t\t\t\t\t\t\t\t\t\t\t\t\t\t\t\t\t\t\t\t\t\t\t\t\t\t\t<h1 class=\"mry-mb-30 mry-title--h\">\n\t\t\t\t\t\t\t\t\t\t\t\t<span >\n\t\t\t\t\t\t\t\t\t\t\t\t\tKimdir?\t\t\t\t\t\t\t\t\t\t\t\t<\/span><br>\n\t\t\t\t\t\t\t\t\t\t\t\t\t\t\t\t\t\t\t\t\t\t\t\t<span class=\"mry-border-text\">\n\t\t\t\t\t\t\t\t\t\t\t\t\t<span >\n\t\t\t\t\t\t\t\t\t\t\t\t\t\tDoDo\t\t\t\t\t\t\t\t\t\t\t\t\t<\/span>\n\t\t\t\t\t\t\t\t\t\t\t\t<\/span>\n\t\t\t\t\t\t\t\t\t\t\t\t\t\t\t\t\t\t\t\t\t\t\t<\/h1>\n\t\t\t\t\t\t\t\t\t\t\t\t\t\t\t\t\t\t\t\t\t\t\t\t\t\t\t\t\t\t\t\t\t<div class=\"mry-text mry-mb-30\">\n\t\t\t\t\t\t\t\t\t\t\t\t<span >\n\t\t\t\t\t\t\t\t\t\t\t\t\tBiz bu \u015firkette iyi oyunlar \u00fcretiriz;<br> M\u00fcmk\u00fcnse k\u00e2r ederek,<br> Gerekirse zarar ederek. <br>Ama hep iyi oyunlar \u00fcretiriz. <br>DoDo Game 2021\t\t\t\t\t\t\t\t\t\t\t\t<\/span>\n\t\t\t\t\t\t\t\t\t\t\t<\/div>\n\t\t\t\t\t\t\t\t\t\t\t\t\t\t\t\t\t\t\t\t\t\t\t\t\t\t\t\t\t\t\t\t\t<a href=\"https:\/\/dodogame.co\/tr\/about-us\/\" class=\"mry-btn mry-default-link mry-anima-link\">\n\t\t\t\t\t\t\t\t\t\t\t\t<span >\n\t\t\t\t\t\t\t\t\t\t\t\t\tBiz Kimiz?\t\t\t\t\t\t\t\t\t\t\t\t<\/span>\n\t\t\t\t\t\t\t\t\t\t\t<\/a>\n\t\t\t\t\t\t\t\t\t\t\t\t\t\t\t\t\t\t\t\t\t\t\t\t\t\t\t\t\t\t\t\t<\/div>\n\t\t\t\t\t\t\t\t\t<\/div>\n\t\t\t\t\t\t\t\t<\/div>\n\t\t\t\t\t\t\t<\/div>\n\t\t\t\t\t\t<\/div>\n\t\t\t\t\t\t<!-- project end -->\n\n\t\t\t\t\t<\/div>\n\t\t\t\t\t\t\t\t\t\t<div class=\"swiper-slide\">\n\n\t\t\t\t\t\t<!-- project -->\n\t\t\t\t\t\t<div class=\"mry-project-slider-item\">\n\t\t\t\t\t\t\t<div class=\"mry-project-frame mry-project-half\">\n\t\t\t\t\t\t\t\t\t\t\t\t\t\t\t\t<div class=\"mry-cover-frame\">\n\t\t\t\t\t\t\t\t\t<img decoding=\"async\" class=\"mry-project-cover mry-position-right\" src=\"https:\/\/dodogame.co\/wp-content\/uploads\/2023\/01\/DoDo-Game-Our-Games.png\" alt=\"\" data-swiper-parallax=\"500\"\n\t\t\t\t\t\t\t\t\t\tdata-swiper-parallax-scale=\"1.4\">\n\t\t\t\t\t\t\t\t\t<div class=\"mry-cover-overlay\"><\/div>\n\t\t\t\t\t\t\t\t\t<div class=\"mry-loading-curtain\"><\/div>\n\t\t\t\t\t\t\t\t<\/div>\n\t\t\t\t\t\t\t\t\t\t\t\t\t\t\t\t<div class=\"mry-main-title-frame\">\n\t\t\t\t\t\t\t\t\t<div class=\"container\">\n\t\t\t\t\t\t\t\t\t\t<div class=\"mry-main-title\" data-swiper-parallax-x=\"30%\" data-swiper-parallax-scale=\".7\" data-swiper-parallax-opacity=\"0\"\n\t\t\t\t\t\t\t\t\t\t\tdata-swiper-parallax-duration=\"1000\">\n\t\t\t\t\t\t\t\t\t\t\t\t\t\t\t\t\t\t\t\t\t\t<div class=\"mry-subtitle mry-mb-20\">\n\t\t\t\t\t\t\t\t\t\t\t\t<span >\n\t\t\t\t\t\t\t\t\t\t\t\t\tDoDo Game\t\t\t\t\t\t\t\t\t\t\t\t<\/span>\n\t\t\t\t\t\t\t\t\t\t\t<\/div>\n\t\t\t\t\t\t\t\t\t\t\t\t\t\t\t\t\t\t\t\t\t\t\t\t\t\t\t\t\t\t\t\t\t<h1 class=\"mry-mb-30 mry-title--h\">\n\t\t\t\t\t\t\t\t\t\t\t\t<span >\n\t\t\t\t\t\t\t\t\t\t\t\t\tDoDo\t\t\t\t\t\t\t\t\t\t\t\t<\/span><br>\n\t\t\t\t\t\t\t\t\t\t\t\t\t\t\t\t\t\t\t\t\t\t\t\t<span class=\"mry-border-text\">\n\t\t\t\t\t\t\t\t\t\t\t\t\t<span >\n\t\t\t\t\t\t\t\t\t\t\t\t\t\tOyunlar\u0131\t\t\t\t\t\t\t\t\t\t\t\t\t<\/span>\n\t\t\t\t\t\t\t\t\t\t\t\t<\/span>\n\t\t\t\t\t\t\t\t\t\t\t\t\t\t\t\t\t\t\t\t\t\t\t<\/h1>\n\t\t\t\t\t\t\t\t\t\t\t\t\t\t\t\t\t\t\t\t\t\t\t\t\t\t\t\t\t\t\t\t\t<div class=\"mry-text mry-mb-30\">\n\t\t\t\t\t\t\t\t\t\t\t\t<span >\n\t\t\t\t\t\t\t\t\t\t\t\t\tDoDo Game 2021 y\u0131l\u0131nda kurulmu\u015f, <br> yenilik\u00e7i bir mobil oyun \u015firketidir.\t\t\t\t\t\t\t\t\t\t\t\t<\/span>\n\t\t\t\t\t\t\t\t\t\t\t<\/div>\n\t\t\t\t\t\t\t\t\t\t\t\t\t\t\t\t\t\t\t\t\t\t\t\t\t\t\t\t\t\t\t\t\t<a target=\"_blank\" href=\"https:\/\/apps.apple.com\/us\/developer\/dodo-game-co\/id1604391608?see-all=i-phonei-pad-apps\" class=\"mry-btn mry-default-link mry-anima-link\">\n\t\t\t\t\t\t\t\t\t\t\t\t<span >\n\t\t\t\t\t\t\t\t\t\t\t\t\tiOS\t\t\t\t\t\t\t\t\t\t\t\t<\/span>\n\t\t\t\t\t\t\t\t\t\t\t<\/a>\n\t\t\t\t\t\t\t\t\t\t\t\t\t\t\t\t\t\t\t\t\t\t\t\t\t\t\t\t\t\t\t\t\t<a target=\"_blank\" href=\"https:\/\/play.google.com\/store\/apps\/dev?id=8321320971075942929&amp;hl=en&amp;gl=US\" class=\"mry-btn-text mry-default-link mry-anima-link\">\n\t\t\t\t\t\t\t\t\t\t\t\t<span >\n\t\t\t\t\t\t\t\t\t\t\t\t\tAndroid\t\t\t\t\t\t\t\t\t\t\t\t<\/span>\n\t\t\t\t\t\t\t\t\t\t\t<\/a>\n\t\t\t\t\t\t\t\t\t\t\t\t\t\t\t\t\t\t\t\t\t<\/div>\n\t\t\t\t\t\t\t\t\t<\/div>\n\t\t\t\t\t\t\t\t<\/div>\n\t\t\t\t\t\t\t<\/div>\n\t\t\t\t\t\t<\/div>\n\t\t\t\t\t\t<!-- project end -->\n\n\t\t\t\t\t<\/div>\n\t\t\t\t\t\t\t\t\t\t<div class=\"swiper-slide\">\n\n\t\t\t\t\t\t<!-- project -->\n\t\t\t\t\t\t<div class=\"mry-project-slider-item\">\n\t\t\t\t\t\t\t<div class=\"mry-project-frame mry-project-half\">\n\t\t\t\t\t\t\t\t\t\t\t\t\t\t\t\t<div class=\"mry-cover-frame\">\n\t\t\t\t\t\t\t\t\t<img decoding=\"async\" class=\"mry-project-cover mry-position-right\" src=\"https:\/\/dodogame.co\/wp-content\/uploads\/2023\/01\/DoDo-Game-Join-Us.png\" alt=\"\" data-swiper-parallax=\"500\"\n\t\t\t\t\t\t\t\t\t\tdata-swiper-parallax-scale=\"1.4\">\n\t\t\t\t\t\t\t\t\t<div class=\"mry-cover-overlay\"><\/div>\n\t\t\t\t\t\t\t\t\t<div class=\"mry-loading-curtain\"><\/div>\n\t\t\t\t\t\t\t\t<\/div>\n\t\t\t\t\t\t\t\t\t\t\t\t\t\t\t\t<div class=\"mry-main-title-frame\">\n\t\t\t\t\t\t\t\t\t<div class=\"container\">\n\t\t\t\t\t\t\t\t\t\t<div class=\"mry-main-title\" data-swiper-parallax-x=\"30%\" data-swiper-parallax-scale=\".7\" data-swiper-parallax-opacity=\"0\"\n\t\t\t\t\t\t\t\t\t\t\tdata-swiper-parallax-duration=\"1000\">\n\t\t\t\t\t\t\t\t\t\t\t\t\t\t\t\t\t\t\t\t\t\t<div class=\"mry-subtitle mry-mb-20\">\n\t\t\t\t\t\t\t\t\t\t\t\t<span >\n\t\t\t\t\t\t\t\t\t\t\t\t\tDoDo Game\t\t\t\t\t\t\t\t\t\t\t\t<\/span>\n\t\t\t\t\t\t\t\t\t\t\t<\/div>\n\t\t\t\t\t\t\t\t\t\t\t\t\t\t\t\t\t\t\t\t\t\t\t\t\t\t\t\t\t\t\t\t\t<h1 class=\"mry-mb-30 mry-title--h\">\n\t\t\t\t\t\t\t\t\t\t\t\t<span >\n\t\t\t\t\t\t\t\t\t\t\t\t\tKariyer\t\t\t\t\t\t\t\t\t\t\t\t<\/span><br>\n\t\t\t\t\t\t\t\t\t\t\t\t\t\t\t\t\t\t\t\t\t\t\t\t<span class=\"mry-border-text\">\n\t\t\t\t\t\t\t\t\t\t\t\t\t<span >\n\t\t\t\t\t\t\t\t\t\t\t\t\t\tDoDo\t\t\t\t\t\t\t\t\t\t\t\t\t<\/span>\n\t\t\t\t\t\t\t\t\t\t\t\t<\/span>\n\t\t\t\t\t\t\t\t\t\t\t\t\t\t\t\t\t\t\t\t\t\t\t<\/h1>\n\t\t\t\t\t\t\t\t\t\t\t\t\t\t\t\t\t\t\t\t\t\t\t\t\t\t\t\t\t\t\t\t\t<div class=\"mry-text mry-mb-30\">\n\t\t\t\t\t\t\t\t\t\t\t\t<span >\n\t\t\t\t\t\t\t\t\t\t\t\t\tGelin birlikte oyunlar geli\u015ftirelim.\t\t\t\t\t\t\t\t\t\t\t\t<\/span>\n\t\t\t\t\t\t\t\t\t\t\t<\/div>\n\t\t\t\t\t\t\t\t\t\t\t\t\t\t\t\t\t\t\t\t\t\t\t\t\t\t\t\t\t\t\t\t\t<a href=\"https:\/\/uni4game.com\/courses\/staj-programi\" class=\"mry-btn mry-default-link mry-anima-link\">\n\t\t\t\t\t\t\t\t\t\t\t\t<span >\n\t\t\t\t\t\t\t\t\t\t\t\t\tIntern-Staj\t\t\t\t\t\t\t\t\t\t\t\t<\/span>\n\t\t\t\t\t\t\t\t\t\t\t<\/a>\n\t\t\t\t\t\t\t\t\t\t\t\t\t\t\t\t\t\t\t\t\t\t\t\t\t\t\t\t\t\t\t\t<\/div>\n\t\t\t\t\t\t\t\t\t<\/div>\n\t\t\t\t\t\t\t\t<\/div>\n\t\t\t\t\t\t\t<\/div>\n\t\t\t\t\t\t<\/div>\n\t\t\t\t\t\t<!-- project end -->\n\n\t\t\t\t\t<\/div>\n\t\t\t\t\t\t\t\t\t\t<div class=\"swiper-slide\">\n\n\t\t\t\t\t\t<!-- project -->\n\t\t\t\t\t\t<div class=\"mry-project-slider-item\">\n\t\t\t\t\t\t\t<div class=\"mry-project-frame mry-project-half\">\n\t\t\t\t\t\t\t\t\t\t\t\t\t\t\t\t<div class=\"mry-cover-frame\">\n\t\t\t\t\t\t\t\t\t<img decoding=\"async\" class=\"mry-project-cover mry-position-right\" src=\"https:\/\/dodogame.co\/wp-content\/uploads\/2023\/01\/DoDo-Game-Contact.png\" alt=\"\" data-swiper-parallax=\"500\"\n\t\t\t\t\t\t\t\t\t\tdata-swiper-parallax-scale=\"1.4\">\n\t\t\t\t\t\t\t\t\t<div class=\"mry-cover-overlay\"><\/div>\n\t\t\t\t\t\t\t\t\t<div class=\"mry-loading-curtain\"><\/div>\n\t\t\t\t\t\t\t\t<\/div>\n\t\t\t\t\t\t\t\t\t\t\t\t\t\t\t\t<div class=\"mry-main-title-frame\">\n\t\t\t\t\t\t\t\t\t<div class=\"container\">\n\t\t\t\t\t\t\t\t\t\t<div class=\"mry-main-title\" data-swiper-parallax-x=\"30%\" data-swiper-parallax-scale=\".7\" data-swiper-parallax-opacity=\"0\"\n\t\t\t\t\t\t\t\t\t\t\tdata-swiper-parallax-duration=\"1000\">\n\t\t\t\t\t\t\t\t\t\t\t\t\t\t\t\t\t\t\t\t\t\t<div class=\"mry-subtitle mry-mb-20\">\n\t\t\t\t\t\t\t\t\t\t\t\t<span >\n\t\t\t\t\t\t\t\t\t\t\t\t\tDoDo Game\t\t\t\t\t\t\t\t\t\t\t\t<\/span>\n\t\t\t\t\t\t\t\t\t\t\t<\/div>\n\t\t\t\t\t\t\t\t\t\t\t\t\t\t\t\t\t\t\t\t\t\t\t\t\t\t\t\t\t\t\t\t\t<h1 class=\"mry-mb-30 mry-title--h\">\n\t\t\t\t\t\t\t\t\t\t\t\t<span >\n\t\t\t\t\t\t\t\t\t\t\t\t\t\u0130leti\u015fim\t\t\t\t\t\t\t\t\t\t\t\t<\/span><br>\n\t\t\t\t\t\t\t\t\t\t\t\t\t\t\t\t\t\t\t\t\t\t\t\t<span class=\"mry-border-text\">\n\t\t\t\t\t\t\t\t\t\t\t\t\t<span >\n\t\t\t\t\t\t\t\t\t\t\t\t\t\tDoDo\t\t\t\t\t\t\t\t\t\t\t\t\t<\/span>\n\t\t\t\t\t\t\t\t\t\t\t\t<\/span>\n\t\t\t\t\t\t\t\t\t\t\t\t\t\t\t\t\t\t\t\t\t\t\t<\/h1>\n\t\t\t\t\t\t\t\t\t\t\t\t\t\t\t\t\t\t\t\t\t\t\t\t\t\t\t\t\t\t\t\t\t<div class=\"mry-text mry-mb-30\">\n\t\t\t\t\t\t\t\t\t\t\t\t<span >\n\t\t\t\t\t\t\t\t\t\t\t\t\tBizimle sorular\u0131n\u0131z ve <br>i\u015f birlikleri i\u00e7in ileti\u015fime ge\u00e7ebilirsiniz.\t\t\t\t\t\t\t\t\t\t\t\t<\/span>\n\t\t\t\t\t\t\t\t\t\t\t<\/div>\n\t\t\t\t\t\t\t\t\t\t\t\t\t\t\t\t\t\t\t\t\t\t\t\t\t\t\t\t\t\t\t\t\t<a href=\"https:\/\/dodogame.co\/tr\/contact\/\" class=\"mry-btn mry-default-link mry-anima-link\">\n\t\t\t\t\t\t\t\t\t\t\t\t<span >\n\t\t\t\t\t\t\t\t\t\t\t\t\t\u0130leti\u015fim\t\t\t\t\t\t\t\t\t\t\t\t<\/span>\n\t\t\t\t\t\t\t\t\t\t\t<\/a>\n\t\t\t\t\t\t\t\t\t\t\t\t\t\t\t\t\t\t\t\t\t\t\t\t\t\t\t\t\t\t\t\t<\/div>\n\t\t\t\t\t\t\t\t\t<\/div>\n\t\t\t\t\t\t\t\t<\/div>\n\t\t\t\t\t\t\t<\/div>\n\t\t\t\t\t\t<\/div>\n\t\t\t\t\t\t<!-- project end -->\n\n\t\t\t\t\t<\/div>\n\t\t\t\t\t\t\t\t\t<\/div>\n\t\t\t<\/div>\n\n\t\t\t<div class=\"mry-slider-pagination-frame\">\n\t\t\t\t<div class=\"mry-slider-pagination\"><\/div>\n\t\t\t<\/div>\n\n\t\t\t<div class=\"mry-slider-nav-panel\">\n\t\t\t\t<div class=\"container\">\n\t\t\t\t\t<div class=\"mry-slider-progress-bar-frame\">\n\t\t\t\t\t\t<div class=\"mry-slider-progress-bar\">\n\t\t\t\t\t\t\t<div class=\"mry-progress\"><\/div>\n\t\t\t\t\t\t<\/div>\n\t\t\t\t\t<\/div>\n\t\t\t\t<\/div>\n\n\t\t\t\t<div class=\"mry-slider-arrows\">\n\t\t\t\t\t<div class=\"mry-label\">Slider Navigation<\/div>\n\t\t\t\t\t<div class=\"mry-button-prev mry-magnetic-link\"><span class=\"mry-magnetic-object\"><i class=\"fas fa-arrow-left\"><\/i><\/span><\/div>\n\t\t\t\t\t<div class=\"mry-button-next mry-magnetic-link\"><span class=\"mry-magnetic-object\"><i class=\"fas fa-arrow-right\"><\/i><\/span><\/div>\n\t\t\t\t<\/div>\n\t\t\t<\/div>\n\t\t\t\t\t<\/div>\n\n\t\t\t\t<\/div>\n\t\t\t\t<\/div>\n\t\t\t\t\t<\/div>\n\t\t<\/div>\n\t\t\t\t\t\t\t<\/div>\n\t\t<\/section>\n\t\t\t\t\t\t\t<\/div>","protected":false},"excerpt":{"rendered":"<p>DoDo Game About Us We create quality games in this studio. We make a profit from it if possible, we&#8230; <span class=\"mry-el-more mry-fo\"><a href=\"https:\/\/dodogame.co\/tr\/\" class=\"mry-link mry-default-link\">Read more<\/a><\/span><\/p>","protected":false},"author":1,"featured_media":0,"parent":0,"menu_order":0,"comment_status":"closed","ping_status":"closed","template":"elementor_header_footer","meta":{"footnotes":""},"class_list":["post-639","page","type-page","status-publish","hentry"],"acf":[],"_links":{"self":[{"href":"https:\/\/dodogame.co\/tr\/wp-json\/wp\/v2\/pages\/639","targetHints":{"allow":["GET"]}}],"collection":[{"href":"https:\/\/dodogame.co\/tr\/wp-json\/wp\/v2\/pages"}],"about":[{"href":"https:\/\/dodogame.co\/tr\/wp-json\/wp\/v2\/types\/page"}],"author":[{"embeddable":true,"href":"https:\/\/dodogame.co\/tr\/wp-json\/wp\/v2\/users\/1"}],"replies":[{"embeddable":true,"href":"https:\/\/dodogame.co\/tr\/wp-json\/wp\/v2\/comments?post=639"}],"version-history":[{"count":59,"href":"https:\/\/dodogame.co\/tr\/wp-json\/wp\/v2\/pages\/639\/revisions"}],"predecessor-version":[{"id":980,"href":"https:\/\/dodogame.co\/tr\/wp-json\/wp\/v2\/pages\/639\/revisions\/980"}],"wp:attachment":[{"href":"https:\/\/dodogame.co\/tr\/wp-json\/wp\/v2\/media?parent=639"}],"curies":[{"name":"wp","href":"https:\/\/api.w.org\/{rel}","templated":true}]}}