{"id":351,"date":"2021-03-19T10:07:13","date_gmt":"2021-03-19T10:07:13","guid":{"rendered":"https:\/\/bslthemes.com\/mireya\/?page_id=351"},"modified":"2024-10-13T12:40:13","modified_gmt":"2024-10-13T09:40:13","slug":"contact","status":"publish","type":"page","link":"https:\/\/dodogame.co\/tr\/contact\/","title":{"rendered":"\u0130leti\u015fim"},"content":{"rendered":"<div data-elementor-type=\"wp-page\" data-elementor-id=\"351\" class=\"elementor elementor-351\">\n\t\t\t\t\t\t\t\t\t<section class=\"elementor-section elementor-top-section elementor-element elementor-element-9dd85e6 elementor-section-full_width elementor-section-height-default elementor-section-height-default\" data-id=\"9dd85e6\" data-element_type=\"section\">\n\t\t\t\t\t\t<div class=\"elementor-container elementor-column-gap-no\">\n\t\t\t\t\t<div class=\"elementor-column elementor-col-100 elementor-top-column elementor-element elementor-element-8ff6823\" data-id=\"8ff6823\" data-element_type=\"column\">\n\t\t\t<div class=\"elementor-widget-wrap elementor-element-populated\">\n\t\t\t\t\t\t\t\t<div class=\"elementor-element elementor-element-e17a47e elementor-widget elementor-widget-mireya-started\" data-id=\"e17a47e\" data-element_type=\"widget\" data-widget_type=\"mireya-started.default\">\n\t\t\t\t<div class=\"elementor-widget-container\">\n\t\t\t\n\t\t\t\t<div class=\"mry-head-bg\">\n\t\t\t<img decoding=\"async\" src=\"\" alt=\"\">\n\t\t\t<div class=\"mry-bg-overlay\"><\/div>\n\t\t<\/div>\n\t\t\n\t\t<div class=\"mry-banner mry-p-140-0 mry-p-0-100\">\n\t\t\t<div class=\"container\">\n\t\t\t\t<div class=\"mry-main-title mry-title-center\">\n\t\t\t\t\t\t\t\t\t\t<div class=\"mry-subtitle mry-mb-20 mry-fo\">\n\t\t\t\t\t\t<span >\n\t\t\t          \t\t\u0130leti\u015fim DoDo\t\t\t          \t<\/span>\n\t\t\t\t\t<\/div>\n\t\t\t\t\t\t\t\t\t\t\t\t\t\t\t<h1 class=\"mry-mb-20 mry-fo mry-title--h\">\n\t\t\t\t\t\t<span >\n\t\t\t          \t\tBize Ula\u015f\u0131n\t\t\t          \t<\/span><br>\n\t\t\t\t\t\t<span class=\"mry-border-text\">\n\t\t\t\t\t\t\t<span >\n\t\t\t\t          \t\tHerhangi bir sorunuz olursa yard\u0131mc\u0131 olmaktan mutluluk duyar\u0131z.\t\t\t\t          \t<\/span>\n\t\t\t\t\t\t<\/span>\n\t\t\t\t\t\t<span class=\"mry-animation-el\"><\/span>\n\t\t\t\t\t<\/h1>\n\t\t\t\t\t\t\t\t\t\t\t\t\t\t\t<div class=\"mry-text mry-fo\">\n\t\t\t\t\t\t<span >\n\t\t\t          \t\tinfo@dodogame.co\t\t\t          \t<\/span>\n\t\t\t\t\t<\/div>\n\t\t\t\t\t\t\t\t\t\t\t\t\t\t<\/div>\n\t\t\t<\/div>\n\t\t<\/div>\n\n\t\t\t\t<\/div>\n\t\t\t\t<\/div>\n\t\t\t\t<div class=\"elementor-element elementor-element-57a03bb elementor-button-info elementor-align-center elementor-widget elementor-widget-button\" data-id=\"57a03bb\" data-element_type=\"widget\" data-widget_type=\"button.default\">\n\t\t\t\t<div class=\"elementor-widget-container\">\n\t\t\t\t\t<div class=\"elementor-button-wrapper\">\n\t\t\t<a href=\"https:\/\/uni4game.com\/courses\/staj-programi\" class=\"elementor-button-link elementor-button elementor-size-md\" role=\"button\">\n\t\t\t\t\t\t<span class=\"elementor-button-content-wrapper\">\n\t\t\t\t\t\t<span class=\"elementor-button-text\">Staj Program\u0131<\/span>\n\t\t<\/span>\n\t\t\t\t\t<\/a>\n\t\t<\/div>\n\t\t\t\t<\/div>\n\t\t\t\t<\/div>\n\t\t\t\t<div class=\"elementor-element elementor-element-84d08d6 elementor-widget elementor-widget-spacer\" data-id=\"84d08d6\" data-element_type=\"widget\" data-widget_type=\"spacer.default\">\n\t\t\t\t<div class=\"elementor-widget-container\">\n\t\t\t<style>\/*! elementor - v3.10.1 - 17-01-2023 *\/\n.elementor-column .elementor-spacer-inner{height:var(--spacer-size)}.e-con{--container-widget-width:100%}.e-con-inner>.elementor-widget-spacer,.e-con>.elementor-widget-spacer{width:var(--container-widget-width,var(--spacer-size));--align-self:var(--container-widget-align-self,initial);--flex-shrink:0}.e-con-inner>.elementor-widget-spacer>.elementor-widget-container,.e-con-inner>.elementor-widget-spacer>.elementor-widget-container>.elementor-spacer,.e-con>.elementor-widget-spacer>.elementor-widget-container,.e-con>.elementor-widget-spacer>.elementor-widget-container>.elementor-spacer{height:100%}.e-con-inner>.elementor-widget-spacer>.elementor-widget-container>.elementor-spacer>.elementor-spacer-inner,.e-con>.elementor-widget-spacer>.elementor-widget-container>.elementor-spacer>.elementor-spacer-inner{height:var(--container-widget-height,var(--spacer-size))}<\/style>\t\t<div class=\"elementor-spacer\">\n\t\t\t<div class=\"elementor-spacer-inner\"><\/div>\n\t\t<\/div>\n\t\t\t\t<\/div>\n\t\t\t\t<\/div>\n\t\t\t\t\t<\/div>\n\t\t<\/div>\n\t\t\t\t\t\t\t<\/div>\n\t\t<\/section>\n\t\t\t\t<section class=\"elementor-section elementor-top-section elementor-element elementor-element-9a9e172 elementor-section-boxed elementor-section-height-default elementor-section-height-default\" data-id=\"9a9e172\" data-element_type=\"section\">\n\t\t\t\t\t\t<div class=\"elementor-container elementor-column-gap-default\">\n\t\t\t\t\t<div class=\"elementor-column elementor-col-33 elementor-top-column elementor-element elementor-element-0f36536\" data-id=\"0f36536\" data-element_type=\"column\">\n\t\t\t<div class=\"elementor-widget-wrap elementor-element-populated\">\n\t\t\t\t\t\t\t\t<div class=\"elementor-element elementor-element-4f3dcc5 elementor-widget elementor-widget-mireya-contact-info\" data-id=\"4f3dcc5\" data-element_type=\"widget\" data-widget_type=\"mireya-contact-info.default\">\n\t\t\t\t<div class=\"elementor-widget-container\">\n\t\t\t\n\t\t<div class=\"container\">\n\t\t\t<div class=\"row justify-content-center\">\n\t\t\t\t<div class=\"col-lg-8\">\n\t\t\t\t\t\t\t\t\t\t<div class=\"row\">\n\t\t\t\t\t\t\t\t\t\t\t\t<div class=\"col-lg-6\">\n\n\t\t\t\t\t\t\t<div class=\"mry-mb-100 mry-text-center mry-contact-item\">\n\t\t\t\t\t\t\t\t\t\t\t\t\t\t\t\t<div class=\"mry-numbering mry-fo\">\n\t\t\t\t\t\t\t\t\t\t\t\t\t\t\t\t\t\t<div class=\"mry-border-text\">\n\t\t\t\t\t\t\t\t\t\t<span >\n\t\t\t\t        \t\t\t\t\t01\t\t\t\t        \t\t\t\t<\/span>\n\t\t\t\t\t\t\t\t\t<\/div>\n\t\t\t\t\t\t\t\t\t\t\t\t\t\t\t\t\t\t\t\t\t\t\t\t\t\t\t<div class=\"mry-subtitle\">\n\t\t\t\t\t\t\t\t\t\t<span >\n\t\t\t\t        \t\t\t\t\tMerkez Ofis\t\t\t\t        \t\t\t\t<\/span>\n\t\t\t\t\t\t\t\t\t<\/div>\n\t\t\t\t\t\t\t\t\t\t\t\t\t\t\t\t\t<\/div>\n\t\t\t\t\t\t\t\t\t\t\t\t\t\t\t\t\t\t\t\t\t\t\t\t<div class=\"mry-fade-object mry-mb-100\">\n\t\t\t\t\t\t\t\t\t\t\t\t\t\t\t\t\t\t<h4 class=\"mry-mb-20 mry-fo\">\n\t\t\t\t\t\t\t\t\t\t<span >\n\t\t\t\t        \t\t\t\t\t\u0130STANBUL\t\t\t\t        \t\t\t\t<\/span>\n\t\t\t\t\t\t\t\t\t<\/h4>\n\t\t\t\t\t\t\t\t\t\t\t\t\t\t\t\t\t\t\t\t\t\t\t\t\t\t\t<div class=\"mry-text mry-mb-20 mry-fo\">\n\t\t\t\t\t\t\t\t\t\t<div >\n\t\t\t\t        \t\t\t\t\t<p>\u0130STANBUL, T\u00dcRK\u0130YE<\/p>\t\t\t\t        \t\t\t\t<\/div>\n\t\t\t\t\t\t\t\t\t<\/div>\n\t\t\t\t\t\t\t\t\t\t\t\t\t\t\t\t\t<\/div>\n\t\t\t\t\t\t\t\t\t\t\t\t\t\t\t<\/div>\n\n\t\t\t\t\t\t<\/div>\n\t\t\t\t\t\t\t\t\t\t\t<\/div>\n\t\t\t\t\t\t\t\t\t<\/div>\n\t\t\t<\/div>\n\t\t<\/div>\n\n\t\t\t\t<\/div>\n\t\t\t\t<\/div>\n\t\t\t\t\t<\/div>\n\t\t<\/div>\n\t\t\t\t<div class=\"elementor-column elementor-col-33 elementor-top-column elementor-element elementor-element-c6dc62d\" data-id=\"c6dc62d\" data-element_type=\"column\">\n\t\t\t<div class=\"elementor-widget-wrap\">\n\t\t\t\t\t\t\t\t\t<\/div>\n\t\t<\/div>\n\t\t\t\t<div class=\"elementor-column elementor-col-33 elementor-top-column elementor-element elementor-element-d0e1a82\" data-id=\"d0e1a82\" data-element_type=\"column\">\n\t\t\t<div class=\"elementor-widget-wrap elementor-element-populated\">\n\t\t\t\t\t\t\t\t<div class=\"elementor-element elementor-element-35e7b27 elementor-widget elementor-widget-mireya-contact-info\" data-id=\"35e7b27\" data-element_type=\"widget\" data-widget_type=\"mireya-contact-info.default\">\n\t\t\t\t<div class=\"elementor-widget-container\">\n\t\t\t\n\t\t<div class=\"container\">\n\t\t\t<div class=\"row justify-content-center\">\n\t\t\t\t<div class=\"col-lg-8\">\n\t\t\t\t\t\t\t\t\t\t<div class=\"row\">\n\t\t\t\t\t\t\t\t\t\t\t\t<div class=\"col-lg-6\">\n\n\t\t\t\t\t\t\t<div class=\"mry-mb-100 mry-text-center mry-contact-item\">\n\t\t\t\t\t\t\t\t\t\t\t\t\t\t\t\t<div class=\"mry-numbering mry-fo\">\n\t\t\t\t\t\t\t\t\t\t\t\t\t\t\t\t\t\t<div class=\"mry-border-text\">\n\t\t\t\t\t\t\t\t\t\t<span >\n\t\t\t\t        \t\t\t\t\t02\t\t\t\t        \t\t\t\t<\/span>\n\t\t\t\t\t\t\t\t\t<\/div>\n\t\t\t\t\t\t\t\t\t\t\t\t\t\t\t\t\t\t\t\t\t\t\t\t\t\t\t<div class=\"mry-subtitle\">\n\t\t\t\t\t\t\t\t\t\t<span >\n\t\t\t\t        \t\t\t\t\tBRANCH\t\t\t\t        \t\t\t\t<\/span>\n\t\t\t\t\t\t\t\t\t<\/div>\n\t\t\t\t\t\t\t\t\t\t\t\t\t\t\t\t\t<\/div>\n\t\t\t\t\t\t\t\t\t\t\t\t\t\t\t\t\t\t\t\t\t\t\t\t<div class=\"mry-fade-object mry-mb-100\">\n\t\t\t\t\t\t\t\t\t\t\t\t\t\t\t\t\t\t<h4 class=\"mry-mb-20 mry-fo\">\n\t\t\t\t\t\t\t\t\t\t<span >\n\t\t\t\t        \t\t\t\t\tSACRAMENTO\t\t\t\t        \t\t\t\t<\/span>\n\t\t\t\t\t\t\t\t\t<\/h4>\n\t\t\t\t\t\t\t\t\t\t\t\t\t\t\t\t\t\t\t\t\t\t\t\t\t\t\t<div class=\"mry-text mry-mb-20 mry-fo\">\n\t\t\t\t\t\t\t\t\t\t<div >\n\t\t\t\t        \t\t\t\t\t<p>CAL\u0130FORN\u0130A, ABD<\/p>\t\t\t\t        \t\t\t\t<\/div>\n\t\t\t\t\t\t\t\t\t<\/div>\n\t\t\t\t\t\t\t\t\t\t\t\t\t\t\t\t\t<\/div>\n\t\t\t\t\t\t\t\t\t\t\t\t\t\t\t<\/div>\n\n\t\t\t\t\t\t<\/div>\n\t\t\t\t\t\t\t\t\t\t\t<\/div>\n\t\t\t\t\t\t\t\t\t<\/div>\n\t\t\t<\/div>\n\t\t<\/div>\n\n\t\t\t\t<\/div>\n\t\t\t\t<\/div>\n\t\t\t\t\t<\/div>\n\t\t<\/div>\n\t\t\t\t\t\t\t<\/div>\n\t\t<\/section>\n\t\t\t\t\t\t\t<\/div>","protected":false},"excerpt":{"rendered":"<p>CONTACT US Get in Touch Have a question or need directions? We\u2019re here to help you get to the right&#8230; <span class=\"mry-el-more mry-fo\"><a href=\"https:\/\/dodogame.co\/tr\/contact\/\" class=\"mry-link mry-default-link\">Read more<\/a><\/span><\/p>","protected":false},"author":1,"featured_media":0,"parent":0,"menu_order":0,"comment_status":"closed","ping_status":"closed","template":"template-layout-builder.php","meta":{"footnotes":""},"class_list":["post-351","page","type-page","status-publish","hentry"],"acf":[],"_links":{"self":[{"href":"https:\/\/dodogame.co\/tr\/wp-json\/wp\/v2\/pages\/351","targetHints":{"allow":["GET"]}}],"collection":[{"href":"https:\/\/dodogame.co\/tr\/wp-json\/wp\/v2\/pages"}],"about":[{"href":"https:\/\/dodogame.co\/tr\/wp-json\/wp\/v2\/types\/page"}],"author":[{"embeddable":true,"href":"https:\/\/dodogame.co\/tr\/wp-json\/wp\/v2\/users\/1"}],"replies":[{"embeddable":true,"href":"https:\/\/dodogame.co\/tr\/wp-json\/wp\/v2\/comments?post=351"}],"version-history":[{"count":22,"href":"https:\/\/dodogame.co\/tr\/wp-json\/wp\/v2\/pages\/351\/revisions"}],"predecessor-version":[{"id":997,"href":"https:\/\/dodogame.co\/tr\/wp-json\/wp\/v2\/pages\/351\/revisions\/997"}],"wp:attachment":[{"href":"https:\/\/dodogame.co\/tr\/wp-json\/wp\/v2\/media?parent=351"}],"curies":[{"name":"wp","href":"https:\/\/api.w.org\/{rel}","templated":true}]}}