{"id":26,"date":"2021-03-11T17:54:28","date_gmt":"2021-03-11T17:54:28","guid":{"rendered":"https:\/\/bslthemes.com\/mireya\/?page_id=26"},"modified":"2024-10-13T12:37:37","modified_gmt":"2024-10-13T09:37:37","slug":"about-us","status":"publish","type":"page","link":"https:\/\/dodogame.co\/tr\/about-us\/","title":{"rendered":"Biz Kimiz?"},"content":{"rendered":"<div data-elementor-type=\"wp-page\" data-elementor-id=\"26\" class=\"elementor elementor-26\">\n\t\t\t\t\t\t\t\t\t<section class=\"elementor-section elementor-top-section elementor-element elementor-element-1f8f5a5 elementor-section-full_width elementor-section-height-default elementor-section-height-default\" data-id=\"1f8f5a5\" data-element_type=\"section\">\n\t\t\t\t\t\t<div class=\"elementor-container elementor-column-gap-no\">\n\t\t\t\t\t<div class=\"elementor-column elementor-col-100 elementor-top-column elementor-element elementor-element-b0a54ee\" data-id=\"b0a54ee\" data-element_type=\"column\">\n\t\t\t<div class=\"elementor-widget-wrap elementor-element-populated\">\n\t\t\t\t\t\t\t\t<div class=\"elementor-element elementor-element-4036ea3 elementor-widget elementor-widget-mireya-started\" data-id=\"4036ea3\" data-element_type=\"widget\" data-widget_type=\"mireya-started.default\">\n\t\t\t\t<div class=\"elementor-widget-container\">\n\t\t\t\n\t\t\t\t<div class=\"mry-head-bg\">\n\t\t\t<img decoding=\"async\" src=\"https:\/\/dodogame.co\/wp-content\/uploads\/2023\/01\/istanbul-dodo-game-1920x1110.jpeg\" alt=\"\">\n\t\t\t<div class=\"mry-bg-overlay\"><\/div>\n\t\t<\/div>\n\t\t\n\t\t<div class=\"mry-banner mry-p-140-0 mry-p-0-100\">\n\t\t\t<div class=\"container\">\n\t\t\t\t<div class=\"mry-main-title mry-title-center\">\n\t\t\t\t\t\t\t\t\t\t<div class=\"mry-subtitle mry-mb-20 mry-fo\">\n\t\t\t\t\t\t<span >\n\t\t\t          \t\tBiz Kimiz?\t\t\t          \t<\/span>\n\t\t\t\t\t<\/div>\n\t\t\t\t\t\t\t\t\t\t\t\t\t\t\t<h1 class=\"mry-mb-20 mry-fo mry-title--h\">\n\t\t\t\t\t\t<span >\n\t\t\t          \t\tBiz Her Zaman\t\t\t          \t<\/span><br>\n\t\t\t\t\t\t<span class=\"mry-border-text\">\n\t\t\t\t\t\t\t<span >\n\t\t\t\t          \t\tKaliteli Oyunlar \u00dcretiriz.\t\t\t\t          \t<\/span>\n\t\t\t\t\t\t<\/span>\n\t\t\t\t\t\t<span class=\"mry-animation-el\"><\/span>\n\t\t\t\t\t<\/h1>\n\t\t\t\t\t\t\t\t\t\t\t\t\t\t\t<div class=\"mry-text mry-fo\">\n\t\t\t\t\t\t<span >\n\t\t\t          \t\t<b>DoDo Game\t\t\t          \t<\/span>\n\t\t\t\t\t<\/div>\n\t\t\t\t\t\t\t\t\t\t\t\t\t\t<\/div>\n\t\t\t<\/div>\n\t\t<\/div>\n\n\t\t\t\t<\/div>\n\t\t\t\t<\/div>\n\t\t\t\t\t<\/div>\n\t\t<\/div>\n\t\t\t\t\t\t\t<\/div>\n\t\t<\/section>\n\t\t\t\t<section class=\"elementor-section elementor-top-section elementor-element elementor-element-d346e1d elementor-section-full_width elementor-section-height-default elementor-section-height-default\" data-id=\"d346e1d\" data-element_type=\"section\">\n\t\t\t\t\t\t<div class=\"elementor-container elementor-column-gap-no\">\n\t\t\t\t\t<div class=\"elementor-column elementor-col-100 elementor-top-column elementor-element elementor-element-f8c66a4\" data-id=\"f8c66a4\" data-element_type=\"column\">\n\t\t\t<div class=\"elementor-widget-wrap elementor-element-populated\">\n\t\t\t\t\t\t\t\t<div class=\"elementor-element elementor-element-691e488 elementor-widget elementor-widget-mireya-section-description\" data-id=\"691e488\" data-element_type=\"widget\" data-widget_type=\"mireya-section-description.default\">\n\t\t\t\t<div class=\"elementor-widget-container\">\n\t\t\t\n\t\t<div class=\"mry-about mry-about-text\">\n\t\t\t<div class=\"container\">\n\t\t\t\t<div class=\"row justify-content-center\">\n\t\t\t\t\t<div class=\"col-lg-8\">\n\n\t\t\t\t\t\t<div class=\"mry-mb-100\">\n\t\t\t\t\t\t\t\t\t\t\t\t\t\t<div class=\"mry-numbering mry-fo\">\n\t\t\t\t\t\t\t\t\t\t\t\t\t\t\t\t<div class=\"mry-border-text\">\n\t\t\t\t\t\t\t\t\t<span >\n\t\t\t\t\t          \t\t\t01\t\t\t\t\t         \t\t<\/span>\n\t\t\t\t\t\t\t\t<\/div>\n\t\t\t\t\t\t\t\t\t\t\t\t\t\t\t\t\t\t\t\t\t\t\t\t<div class=\"mry-subtitle\">\n\t\t\t\t\t\t\t\t\t<span >\n\t\t\t\t\t          \t\t\tKimdir DoDo\t\t\t\t\t         \t\t<\/span>\n\t\t\t\t\t\t\t\t<\/div>\n\t\t\t\t\t\t\t\t\t\t\t\t\t\t\t<\/div>\n\t\t\t\t\t\t\t\t\t\t\t\t\t\t\t\t\t\t\t\t\t<h3 class=\"mry-mb-40 mry-fo mry-title--h\">\n\t\t\t\t\t\t\t\t<span >\n\t\t\t\t          \t\t\tDoDo Game 2021 y\u0131l\u0131nda kurulmu\u015f olan yenilik\u00e7i bir mobil oyun \u015firketidir.\t\t\t\t         \t\t<\/span>\n\t\t\t\t\t\t\t<\/h3>\n\t\t\t\t\t\t\t\t\t\t\t\t\t\t\t\t\t\t\t\t\t<div class=\"mry-text mry-fo\">\n\t\t\t\t\t\t\t\t<div >\n\t\t\t\t          \t\t\t<p>Biz bu \u015firkette iyi oyunlar \u00fcretiriz; m\u00fcmk\u00fcnse k\u00e2r ederek, gerekirse zarar ederek. Ama hep iyi oyunlar \u00fcretiriz.<\/p>\t\t\t\t         \t\t<\/div>\n\t\t\t\t\t\t\t<\/div>\n\t\t\t\t\t\t\t\t\t\t\t\t\t<\/div>\n\n\t\t\t\t\t<\/div>\n\t\t\t\t<\/div>\n\t\t\t<\/div>\n\t\t<\/div>\n\n\t\t\t\t<\/div>\n\t\t\t\t<\/div>\n\t\t\t\t<div class=\"elementor-element elementor-element-bfa3242 elementor-widget elementor-widget-mireya-section-description\" data-id=\"bfa3242\" data-element_type=\"widget\" data-widget_type=\"mireya-section-description.default\">\n\t\t\t\t<div class=\"elementor-widget-container\">\n\t\t\t\n\t\t<div class=\"mry-about mry-about-text\">\n\t\t\t<div class=\"container\">\n\t\t\t\t<div class=\"row justify-content-center\">\n\t\t\t\t\t<div class=\"col-lg-8\">\n\n\t\t\t\t\t\t<div class=\"mry-mb-100\">\n\t\t\t\t\t\t\t\t\t\t\t\t\t\t<div class=\"mry-numbering mry-fo\">\n\t\t\t\t\t\t\t\t\t\t\t\t\t\t\t\t<div class=\"mry-border-text\">\n\t\t\t\t\t\t\t\t\t<span >\n\t\t\t\t\t          \t\t\t02\t\t\t\t\t         \t\t<\/span>\n\t\t\t\t\t\t\t\t<\/div>\n\t\t\t\t\t\t\t\t\t\t\t\t\t\t\t\t\t\t\t\t\t\t\t\t<div class=\"mry-subtitle\">\n\t\t\t\t\t\t\t\t\t<span >\n\t\t\t\t\t          \t\t\tFelsefemiz\t\t\t\t\t         \t\t<\/span>\n\t\t\t\t\t\t\t\t<\/div>\n\t\t\t\t\t\t\t\t\t\t\t\t\t\t\t<\/div>\n\t\t\t\t\t\t\t\t\t\t\t\t\t\t\t\t\t\t\t\t\t<h3 class=\"mry-mb-40 mry-fo mry-title--h\">\n\t\t\t\t\t\t\t\t<span >\n\t\t\t\t          \t\t\tFelsefemizin Anahtar Kelimeleri\t\t\t\t         \t\t<\/span>\n\t\t\t\t\t\t\t<\/h3>\n\t\t\t\t\t\t\t\t\t\t\t\t\t\t\t\t\t\t\t\t\t<div class=\"mry-text mry-fo\">\n\t\t\t\t\t\t\t\t<div >\n\t\t\t\t          \t\t\t<p><strong>DoDo Olarak;<\/strong><br \/>Birlikte hayal kurar\u0131z<br \/>Birlikte s\u00fcrekli \u00f6\u011freniriz<br \/>Birlikte geli\u015firiz<br \/>Birlikte ba\u015far\u0131r\u0131z<br \/>Birlikte kazan\u0131r\u0131z<br \/>Biz birlikte daha g\u00fc\u00e7l\u00fcy\u00fcz.<\/p><p>Hedefimiz Yerel, B\u00f6lgesel ve K\u00fcresel olmakt\u0131r.<\/p>\t\t\t\t         \t\t<\/div>\n\t\t\t\t\t\t\t<\/div>\n\t\t\t\t\t\t\t\t\t\t\t\t\t<\/div>\n\n\t\t\t\t\t<\/div>\n\t\t\t\t<\/div>\n\t\t\t<\/div>\n\t\t<\/div>\n\n\t\t\t\t<\/div>\n\t\t\t\t<\/div>\n\t\t\t\t\t<\/div>\n\t\t<\/div>\n\t\t\t\t\t\t\t<\/div>\n\t\t<\/section>\n\t\t\t\t<section class=\"elementor-section elementor-top-section elementor-element elementor-element-993f4e5 elementor-section-full_width elementor-section-height-default elementor-section-height-default\" data-id=\"993f4e5\" data-element_type=\"section\">\n\t\t\t\t\t\t<div class=\"elementor-container elementor-column-gap-no\">\n\t\t\t\t\t<div class=\"elementor-column elementor-col-100 elementor-top-column elementor-element elementor-element-d8e9f0a\" data-id=\"d8e9f0a\" data-element_type=\"column\">\n\t\t\t<div class=\"elementor-widget-wrap elementor-element-populated\">\n\t\t\t\t\t\t\t\t<div class=\"elementor-element elementor-element-f9ec037 elementor-widget elementor-widget-mireya-section-description\" data-id=\"f9ec037\" data-element_type=\"widget\" data-widget_type=\"mireya-section-description.default\">\n\t\t\t\t<div class=\"elementor-widget-container\">\n\t\t\t\n\t\t<div class=\"mry-about mry-about-text\">\n\t\t\t<div class=\"container\">\n\t\t\t\t<div class=\"row justify-content-center\">\n\t\t\t\t\t<div class=\"col-lg-8\">\n\n\t\t\t\t\t\t<div class=\"mry-mb-100\">\n\t\t\t\t\t\t\t\t\t\t\t\t\t\t<div class=\"mry-numbering mry-fo\">\n\t\t\t\t\t\t\t\t\t\t\t\t\t\t\t\t<div class=\"mry-border-text\">\n\t\t\t\t\t\t\t\t\t<span >\n\t\t\t\t\t          \t\t\t03\t\t\t\t\t         \t\t<\/span>\n\t\t\t\t\t\t\t\t<\/div>\n\t\t\t\t\t\t\t\t\t\t\t\t\t\t\t\t\t\t\t\t\t\t\t\t<div class=\"mry-subtitle\">\n\t\t\t\t\t\t\t\t\t<span >\n\t\t\t\t\t          \t\t\tMarkalar\u0131m\u0131z\t\t\t\t\t         \t\t<\/span>\n\t\t\t\t\t\t\t\t<\/div>\n\t\t\t\t\t\t\t\t\t\t\t\t\t\t\t<\/div>\n\t\t\t\t\t\t\t\t\t\t\t\t\t\t\t\t\t\t\t\t\t<h3 class=\"mry-mb-40 mry-fo mry-title--h\">\n\t\t\t\t\t\t\t\t<span >\n\t\t\t\t          \t\t\tDoDo Game sadece bir oyun \u015firketi de\u011fildir. Oyun Ekosistemi olu\u015fturmak i\u00e7in farkl\u0131 markalar \u00fcretmeye devam ediyor.\t\t\t\t         \t\t<\/span>\n\t\t\t\t\t\t\t<\/h3>\n\t\t\t\t\t\t\t\t\t\t\t\t\t\t\t\t\t\t\t\t<\/div>\n\n\t\t\t\t\t<\/div>\n\t\t\t\t<\/div>\n\t\t\t<\/div>\n\t\t<\/div>\n\n\t\t\t\t<\/div>\n\t\t\t\t<\/div>\n\t\t\t\t\t<\/div>\n\t\t<\/div>\n\t\t\t\t\t\t\t<\/div>\n\t\t<\/section>\n\t\t\t\t<section class=\"elementor-section elementor-top-section elementor-element elementor-element-fce5494 elementor-section-full_width elementor-section-height-default elementor-section-height-default\" data-id=\"fce5494\" data-element_type=\"section\">\n\t\t\t\t\t\t<div class=\"elementor-container elementor-column-gap-no\">\n\t\t\t\t\t<div class=\"elementor-column elementor-col-100 elementor-top-column elementor-element elementor-element-546a645\" data-id=\"546a645\" data-element_type=\"column\">\n\t\t\t<div class=\"elementor-widget-wrap elementor-element-populated\">\n\t\t\t\t\t\t\t\t<div class=\"elementor-element elementor-element-6a6b318 elementor-widget elementor-widget-mireya-services\" data-id=\"6a6b318\" data-element_type=\"widget\" data-widget_type=\"mireya-services.default\">\n\t\t\t\t<div class=\"elementor-widget-container\">\n\t\t\t\n\t\t<div class=\"mry-about mry-about-services\">\n\t\t\t<div class=\"container\">\n\t\t\t\t<div class=\"row justify-content-center\">\n\t\t\t\t\t<div class=\"col-lg-8\">\n\t\t\t\t\t\t\t\t\t\t\t\t<div class=\"mry-numbering mry-fo\">\n\t\t\t\t\t\t\t\t\t\t\t\t\t\t<div class=\"mry-border-text\">\n\t\t\t\t\t\t\t\t<span >\n\t\t\t\t          \t\t\t04\t\t\t\t         \t\t<\/span>\n\t\t\t\t\t\t\t<\/div>\n\t\t\t\t\t\t\t\t\t\t\t\t\t\t\t\t\t\t\t\t\t<div class=\"mry-subtitle\">\n\t\t\t\t\t\t\t\t<span >\n\t\t\t\t          \t\t\tMarkalar\t\t\t\t         \t\t<\/span>\n\t\t\t\t\t\t\t<\/div>\n\t\t\t\t\t\t\t\t\t\t\t\t\t<\/div>\n\t\t\t\t\t\t\n\t\t\t\t\t\t\t\t\t\t\t\t<div class=\"row\">\n\t\t\t\t\t\t\t\t\t\t\t\t\t\t<div class=\"col-lg-6 mry-services-item\">\n\n\t\t\t\t\t\t\t\t<div class=\"mry-mb-100\">\n\t\t\t\t\t\t\t\t\t\t\t\t\t\t\t\t\t\t<h4 class=\"mry-mb-20 mry-fo mry-title--h\">\n\t\t\t\t\t\t\t\t\t\t<span >\n\t\t\t\t\t\t\t        \t\tUni4Game\t\t\t\t\t\t\t          \t<\/span>\n\t\t\t\t\t\t\t\t\t<\/h4>\n\t\t\t\t\t\t\t\t\t\t\t\t\t\t\t\t\t\t\t\t\t\t\t\t\t\t\t<div class=\"mry-text mry-fo\">\n\t\t\t\t\t\t\t\t\t\t<div >\n\t\t\t\t\t\t\t        \t\t<p>Oyun sekt\u00f6r\u00fcne giri\u015f yapmak isteyen <strong>B\u0130REYLERE<\/strong> e\u011fitim ve ment\u00f6rl\u00fck sa\u011flar.<\/p>\t\t\t\t\t\t\t          \t<\/div>\n\t\t\t\t\t\t\t\t\t<\/div>\n\t\t\t\t\t\t\t\t\t\t\t\t\t\t\t\t\t\t\t\t\t\t\t\t\t\t\t<div class=\"mry-fo\">\n\t\t\t\t\t\t\t\t\t\t<a href=\"https:\/\/uni4game.com\" class=\"mry-link mry-default-link\">\n\t\t\t\t\t\t\t\t\t\t\t<span >\n\t\t\t\t\t\t\t\t        \t\tDaha Fazla\t\t\t\t\t\t\t\t          \t<\/span>\n\t\t\t\t\t\t\t\t\t\t<\/a>\n\t\t\t\t\t\t\t\t\t<\/div>\n\t\t\t\t\t\t\t\t\t\t\t\t\t\t\t\t\t<\/div>\n\n\t\t\t\t\t\t\t<\/div>\n\t\t\t\t\t\t\t\t\t\t\t\t\t\t<div class=\"col-lg-6 mry-services-item\">\n\n\t\t\t\t\t\t\t\t<div class=\"mry-mb-100\">\n\t\t\t\t\t\t\t\t\t\t\t\t\t\t\t\t\t\t<h4 class=\"mry-mb-20 mry-fo mry-title--h\">\n\t\t\t\t\t\t\t\t\t\t<span >\n\t\t\t\t\t\t\t        \t\tDoDoHUB\t\t\t\t\t\t\t          \t<\/span>\n\t\t\t\t\t\t\t\t\t<\/h4>\n\t\t\t\t\t\t\t\t\t\t\t\t\t\t\t\t\t\t\t\t\t\t\t\t\t\t\t<div class=\"mry-text mry-fo\">\n\t\t\t\t\t\t\t\t\t\t<div >\n\t\t\t\t\t\t\t        \t\t<p>Oyun geli\u015ftirmeyi bilen <strong>B\u0130REYLERE<\/strong> ekosistem ve gelir modeli sunar.<\/p>\t\t\t\t\t\t\t          \t<\/div>\n\t\t\t\t\t\t\t\t\t<\/div>\n\t\t\t\t\t\t\t\t\t\t\t\t\t\t\t\t\t\t\t\t\t\t\t\t\t\t\t<div class=\"mry-fo\">\n\t\t\t\t\t\t\t\t\t\t<a href=\"#\" class=\"mry-link mry-default-link\">\n\t\t\t\t\t\t\t\t\t\t\t<span >\n\t\t\t\t\t\t\t\t        \t\tDaha Fazla\t\t\t\t\t\t\t\t          \t<\/span>\n\t\t\t\t\t\t\t\t\t\t<\/a>\n\t\t\t\t\t\t\t\t\t<\/div>\n\t\t\t\t\t\t\t\t\t\t\t\t\t\t\t\t\t<\/div>\n\n\t\t\t\t\t\t\t<\/div>\n\t\t\t\t\t\t\t\t\t\t\t\t\t\t<div class=\"col-lg-6 mry-services-item\">\n\n\t\t\t\t\t\t\t\t<div class=\"mry-mb-100\">\n\t\t\t\t\t\t\t\t\t\t\t\t\t\t\t\t\t\t<h4 class=\"mry-mb-20 mry-fo mry-title--h\">\n\t\t\t\t\t\t\t\t\t\t<span >\n\t\t\t\t\t\t\t        \t\tDoDoLAB\t\t\t\t\t\t\t          \t<\/span>\n\t\t\t\t\t\t\t\t\t<\/h4>\n\t\t\t\t\t\t\t\t\t\t\t\t\t\t\t\t\t\t\t\t\t\t\t\t\t\t\t<div class=\"mry-text mry-fo\">\n\t\t\t\t\t\t\t\t\t\t<div >\n\t\t\t\t\t\t\t        \t\t<p>Oyun geli\u015ftiren <strong>TAKIMLARA<\/strong> ment\u00f6rl\u00fck ve gelir modeli sunar.<\/p>\t\t\t\t\t\t\t          \t<\/div>\n\t\t\t\t\t\t\t\t\t<\/div>\n\t\t\t\t\t\t\t\t\t\t\t\t\t\t\t\t\t\t\t\t\t\t\t\t\t\t\t<div class=\"mry-fo\">\n\t\t\t\t\t\t\t\t\t\t<a href=\"#\" class=\"mry-link mry-default-link\">\n\t\t\t\t\t\t\t\t\t\t\t<span >\n\t\t\t\t\t\t\t\t        \t\tDaha Fazla\t\t\t\t\t\t\t\t          \t<\/span>\n\t\t\t\t\t\t\t\t\t\t<\/a>\n\t\t\t\t\t\t\t\t\t<\/div>\n\t\t\t\t\t\t\t\t\t\t\t\t\t\t\t\t\t<\/div>\n\n\t\t\t\t\t\t\t<\/div>\n\t\t\t\t\t\t\t\t\t\t\t\t\t\t<div class=\"col-lg-6 mry-services-item\">\n\n\t\t\t\t\t\t\t\t<div class=\"mry-mb-100\">\n\t\t\t\t\t\t\t\t\t\t\t\t\t\t\t\t\t\t<h4 class=\"mry-mb-20 mry-fo mry-title--h\">\n\t\t\t\t\t\t\t\t\t\t<span >\n\t\t\t\t\t\t\t        \t\tDoDoPUB\t\t\t\t\t\t\t          \t<\/span>\n\t\t\t\t\t\t\t\t\t<\/h4>\n\t\t\t\t\t\t\t\t\t\t\t\t\t\t\t\t\t\t\t\t\t\t\t\t\t\t\t<div class=\"mry-text mry-fo\">\n\t\t\t\t\t\t\t\t\t\t<div >\n\t\t\t\t\t\t\t        \t\t<p>Oyun geli\u015ftiren <strong>\u015e\u0130RKETLERE<\/strong> ment\u00f6rl\u00fck ve gelir modeli sunar.<\/p>\t\t\t\t\t\t\t          \t<\/div>\n\t\t\t\t\t\t\t\t\t<\/div>\n\t\t\t\t\t\t\t\t\t\t\t\t\t\t\t\t\t\t\t\t\t\t\t\t\t\t\t<div class=\"mry-fo\">\n\t\t\t\t\t\t\t\t\t\t<a href=\"#\" class=\"mry-link mry-default-link\">\n\t\t\t\t\t\t\t\t\t\t\t<span >\n\t\t\t\t\t\t\t\t        \t\tDaha Fazla\t\t\t\t\t\t\t\t          \t<\/span>\n\t\t\t\t\t\t\t\t\t\t<\/a>\n\t\t\t\t\t\t\t\t\t<\/div>\n\t\t\t\t\t\t\t\t\t\t\t\t\t\t\t\t\t<\/div>\n\n\t\t\t\t\t\t\t<\/div>\n\t\t\t\t\t\t\t\t\t\t\t\t\t<\/div>\n\t\t\t\t\t\t\n\t\t\t\t\t<\/div>\n\n\t\t\t\t<\/div>\n\t\t\t<\/div>\n\t\t<\/div>\n\n\t\t\t\t<\/div>\n\t\t\t\t<\/div>\n\t\t\t\t\t<\/div>\n\t\t<\/div>\n\t\t\t\t\t\t\t<\/div>\n\t\t<\/section>\n\t\t\t\t\t\t\t<\/div>","protected":false},"excerpt":{"rendered":"<p>About Us We Always Create Quality Games. DoDo Game 01 Who We Are DoDo Game is a creative mobile gaming&#8230; <span class=\"mry-el-more mry-fo\"><a href=\"https:\/\/dodogame.co\/tr\/about-us\/\" class=\"mry-link mry-default-link\">Read more<\/a><\/span><\/p>","protected":false},"author":1,"featured_media":0,"parent":0,"menu_order":0,"comment_status":"closed","ping_status":"closed","template":"template-layout-builder.php","meta":{"footnotes":""},"class_list":["post-26","page","type-page","status-publish","hentry"],"acf":[],"_links":{"self":[{"href":"https:\/\/dodogame.co\/tr\/wp-json\/wp\/v2\/pages\/26","targetHints":{"allow":["GET"]}}],"collection":[{"href":"https:\/\/dodogame.co\/tr\/wp-json\/wp\/v2\/pages"}],"about":[{"href":"https:\/\/dodogame.co\/tr\/wp-json\/wp\/v2\/types\/page"}],"author":[{"embeddable":true,"href":"https:\/\/dodogame.co\/tr\/wp-json\/wp\/v2\/users\/1"}],"replies":[{"embeddable":true,"href":"https:\/\/dodogame.co\/tr\/wp-json\/wp\/v2\/comments?post=26"}],"version-history":[{"count":38,"href":"https:\/\/dodogame.co\/tr\/wp-json\/wp\/v2\/pages\/26\/revisions"}],"predecessor-version":[{"id":991,"href":"https:\/\/dodogame.co\/tr\/wp-json\/wp\/v2\/pages\/26\/revisions\/991"}],"wp:attachment":[{"href":"https:\/\/dodogame.co\/tr\/wp-json\/wp\/v2\/media?parent=26"}],"curies":[{"name":"wp","href":"https:\/\/api.w.org\/{rel}","templated":true}]}}